{"id":112,"date":"2023-05-18T00:55:33","date_gmt":"2023-05-18T00:55:33","guid":{"rendered":"https:\/\/gabarre-armengol.com\/servicios\/?page_id=112"},"modified":"2023-05-18T13:36:31","modified_gmt":"2023-05-18T13:36:31","slug":"servicios-a-empresas","status":"publish","type":"page","link":"https:\/\/gabarre-armengol.com\/servicios\/index.php\/sample-page\/servicios-a-empresas\/","title":{"rendered":"SERVICIOS A EMPRESAS"},"content":{"rendered":"\n<div style=\"height:54px\" aria-hidden=\"true\" class=\"wp-block-spacer\"><\/div>\n\n\n\n<p>Cada vez es m\u00e1s visible la importancia de contar con un equipo de empleados saludables y motivados. Mis servicios de GA Consulting est\u00e1n dise\u00f1ados para mejorar el ambiente laboral, fomentar el liderazgo efectivo, promover el trabajo en equipo y gestionar el estr\u00e9s laboral.<\/p>\n\n\n\n<div style=\"height:61px\" aria-hidden=\"true\" class=\"wp-block-spacer\"><\/div>\n\n\n\n<p>Somos una consultor\u00eda de recursos humanos centrada en el desarrollo del capital humano, ayudando a las empresas a maximizar el potencial de su fuerza laboral.<\/p>\n\n\n\n<p>Entendemos que el talento humano es el activo m\u00e1s valioso de una empresa y estamos comprometidos a ayudar a las empresas a atraer, retener y desarrollar a los mejores profesionales.<\/p>\n\n\n\n<p>Trabajamos en estrecha colaboraci\u00f3n con las empresas para entender sus necesidades espec\u00edficas y desarrollar soluciones personalizadas. Nuestro objetivo es ayudar a las empresas a aprovechar al m\u00e1ximo su capital humano y lograr una ventaja competitiva en el mercado.<\/p>\n\n\n\n<div style=\"height:61px\" aria-hidden=\"true\" class=\"wp-block-spacer\"><\/div>\n\n\n\n<p>El equipo de GA Consulting est\u00e1 conformado por profesionales altamente capacitados y especializados en diferentes \u00e1reas de la psicolog\u00eda. Desarrollamos nuestro trabajo a trav\u00e9s de la metodolog\u00eda FaceCode para ayudar a las empresas a crear un entorno propicio para el crecimiento y el desarrollo tanto de sus empleados como de la organizaci\u00f3n en su conjunto.<\/p>\n\n\n\n<div style=\"height:61px\" aria-hidden=\"true\" class=\"wp-block-spacer\"><\/div>\n\n\n\n<figure class=\"wp-block-image size-large\"><img loading=\"lazy\" decoding=\"async\" width=\"1024\" height=\"531\" src=\"https:\/\/gabarre-armengol.com\/servicios\/wp-content\/uploads\/2023\/05\/En-Psicologia-Craneofacial-2-1024x531.png\" alt=\"\" class=\"wp-image-116\" srcset=\"https:\/\/gabarre-armengol.com\/servicios\/wp-content\/uploads\/2023\/05\/En-Psicologia-Craneofacial-2-1024x531.png 1024w, https:\/\/gabarre-armengol.com\/servicios\/wp-content\/uploads\/2023\/05\/En-Psicologia-Craneofacial-2-300x156.png 300w, https:\/\/gabarre-armengol.com\/servicios\/wp-content\/uploads\/2023\/05\/En-Psicologia-Craneofacial-2-768x398.png 768w, https:\/\/gabarre-armengol.com\/servicios\/wp-content\/uploads\/2023\/05\/En-Psicologia-Craneofacial-2.png 1080w\" sizes=\"auto, (max-width: 1024px) 100vw, 1024px\" \/><\/figure>\n\n\n\n<div style=\"height:61px\" aria-hidden=\"true\" class=\"wp-block-spacer\"><\/div>\n\n\n\n<div class=\"wp-block-buttons is-content-justification-center is-layout-flex wp-container-core-buttons-is-layout-16018d1d wp-block-buttons-is-layout-flex\">\n<div class=\"wp-block-button\"><a class=\"wp-block-button__link wp-element-button\" href=\"https:\/\/gabarre-armengol.com\/contacto.html\" target=\"_blank\" rel=\"noreferrer noopener\">Contacta con nosotros<\/a><\/div>\n<\/div>\n","protected":false},"excerpt":{"rendered":"<p>Cada vez es m\u00e1s visible la importancia de contar con un equipo de empleados saludables y motivados. Mis servicios de GA Consulting est\u00e1n dise\u00f1ados para mejorar el ambiente laboral, fomentar el liderazgo efectivo, promover el trabajo en equipo y gestionar el estr\u00e9s laboral. Somos una consultor\u00eda de recursos humanos centrada en el desarrollo del capital humano, ayudando a las empresas a maximizar el potencial de su fuerza laboral. Entendemos que el talento humano es el activo m\u00e1s valioso de una empresa y estamos comprometidos a ayudar a las empresas a atraer, retener y desarrollar a los mejores profesionales. Trabajamos en estrecha colaboraci\u00f3n con las empresas para entender sus necesidades espec\u00edficas y desarrollar soluciones personalizadas. Nuestro objetivo es ayudar a las empresas a aprovechar al m\u00e1ximo su capital humano y lograr una ventaja competitiva en el mercado. El equipo de GA Consulting est\u00e1 conformado por profesionales altamente capacitados y especializados en diferentes \u00e1reas de la psicolog\u00eda. Desarrollamos nuestro trabajo a trav\u00e9s de la metodolog\u00eda FaceCode para ayudar a las empresas a crear un entorno propicio para el crecimiento y el desarrollo tanto de sus empleados como de la organizaci\u00f3n en su conjunto.<\/p>\n","protected":false},"author":1,"featured_media":0,"parent":2,"menu_order":0,"comment_status":"closed","ping_status":"closed","template":"","meta":{"footnotes":""},"class_list":["post-112","page","type-page","status-publish","hentry"],"_links":{"self":[{"href":"https:\/\/gabarre-armengol.com\/servicios\/index.php\/wp-json\/wp\/v2\/pages\/112","targetHints":{"allow":["GET"]}}],"collection":[{"href":"https:\/\/gabarre-armengol.com\/servicios\/index.php\/wp-json\/wp\/v2\/pages"}],"about":[{"href":"https:\/\/gabarre-armengol.com\/servicios\/index.php\/wp-json\/wp\/v2\/types\/page"}],"author":[{"embeddable":true,"href":"https:\/\/gabarre-armengol.com\/servicios\/index.php\/wp-json\/wp\/v2\/users\/1"}],"replies":[{"embeddable":true,"href":"https:\/\/gabarre-armengol.com\/servicios\/index.php\/wp-json\/wp\/v2\/comments?post=112"}],"version-history":[{"count":2,"href":"https:\/\/gabarre-armengol.com\/servicios\/index.php\/wp-json\/wp\/v2\/pages\/112\/revisions"}],"predecessor-version":[{"id":117,"href":"https:\/\/gabarre-armengol.com\/servicios\/index.php\/wp-json\/wp\/v2\/pages\/112\/revisions\/117"}],"up":[{"embeddable":true,"href":"https:\/\/gabarre-armengol.com\/servicios\/index.php\/wp-json\/wp\/v2\/pages\/2"}],"wp:attachment":[{"href":"https:\/\/gabarre-armengol.com\/servicios\/index.php\/wp-json\/wp\/v2\/media?parent=112"}],"curies":[{"name":"wp","href":"https:\/\/api.w.org\/{rel}","templated":true}]}}