{"id":35,"date":"2023-02-06T23:28:43","date_gmt":"2023-02-06T23:28:43","guid":{"rendered":"https:\/\/gabarre-armengol.com\/cursos\/?page_id=35"},"modified":"2026-01-10T16:03:11","modified_gmt":"2026-01-10T16:03:11","slug":"35-2","status":"publish","type":"page","link":"https:\/\/gabarre-armengol.com\/cursos\/index.php\/35-2\/","title":{"rendered":"CURSOS Y SEMINARIOS"},"content":{"rendered":"\n<div style=\"height:76px\" aria-hidden=\"true\" class=\"wp-block-spacer\"><\/div>\n\n\n\n<p>El prop\u00f3sito de mis cursos es proporcionar a los estudiantes una educaci\u00f3n integral en FaceCode, que les permita desarrollar sus habilidades y conocimientos en diferentes \u00e1reas, as\u00ed como fomentar su crecimiento personal y social.<\/p>\n\n\n\n<p>Mi labor docente tiene como misi\u00f3n preparar a mi alumnado para enfrentar los desaf\u00edos del mundo actual y futuro, y formar ciudadanos responsables y comprometidos con la sociedad.&nbsp;<\/p>\n\n\n\n<p>Pretendo procurar un espacio seguro y acogedor en el aula donde el estudiante pueda aprender, explorar y desarrollarse a su m\u00e1ximo potencial.&nbsp;<\/p>\n\n\n\n<p>Deseo que mis formaciones contribuyan a tu progreso y desarrollo profesional y personal.<\/p>\n\n\n\n<div style=\"height:76px\" aria-hidden=\"true\" class=\"wp-block-spacer\"><\/div>\n\n\n\n<div style=\"height:76px\" aria-hidden=\"true\" class=\"wp-block-spacer\"><\/div>\n\n\n\n<div class=\"wp-block-group alignwide\"><div class=\"wp-block-group__inner-container is-layout-constrained wp-block-group-is-layout-constrained\">\n<div class=\"wp-block-columns alignwide is-layout-flex wp-container-core-columns-is-layout-9d6595d7 wp-block-columns-is-layout-flex\">\n<div class=\"wp-block-column is-vertically-aligned-center has-text-color has-background has-link-color wp-elements-f932d3c266c71ca379445a3922ab686f is-layout-flow wp-block-column-is-layout-flow\" style=\"color:#000000;background-color:#fafafa;padding-top:2em;padding-right:2em;padding-bottom:2em;padding-left:2em;flex-basis:1050px\">\n<h2 class=\"wp-block-heading has-medium-font-size\" id=\"family\"><strong>PROGRAMA DE ESPECIALIZACI\u00d3N EN FACECODE<\/strong><\/h2>\n\n\n\n<p class=\"has-normal-font-size\" style=\"line-height:1.5\">FORMACI\u00d3N ONLINE<\/p>\n\n\n\n<p class=\"has-small-font-size\">*Formaci\u00f3n bonificable a trav\u00e9s de FUNDAE<\/p>\n\n\n<div class=\"wp-block-image\">\n<figure class=\"aligncenter size-full\"><img loading=\"lazy\" decoding=\"async\" width=\"1024\" height=\"1536\" src=\"https:\/\/gabarre-armengol.com\/cursos\/wp-content\/uploads\/2026\/01\/FACECODE-METHOD-BRANDING-IMAGE-MARCA-AGUA.jpg\" alt=\"\" class=\"wp-image-770\" srcset=\"https:\/\/gabarre-armengol.com\/cursos\/wp-content\/uploads\/2026\/01\/FACECODE-METHOD-BRANDING-IMAGE-MARCA-AGUA.jpg 1024w, https:\/\/gabarre-armengol.com\/cursos\/wp-content\/uploads\/2026\/01\/FACECODE-METHOD-BRANDING-IMAGE-MARCA-AGUA-200x300.jpg 200w, https:\/\/gabarre-armengol.com\/cursos\/wp-content\/uploads\/2026\/01\/FACECODE-METHOD-BRANDING-IMAGE-MARCA-AGUA-683x1024.jpg 683w, https:\/\/gabarre-armengol.com\/cursos\/wp-content\/uploads\/2026\/01\/FACECODE-METHOD-BRANDING-IMAGE-MARCA-AGUA-768x1152.jpg 768w\" sizes=\"auto, (max-width: 1024px) 100vw, 1024px\" \/><\/figure>\n<\/div>\n\n\n<div style=\"height:42px\" aria-hidden=\"true\" class=\"wp-block-spacer\"><\/div>\n\n\n\n<hr class=\"wp-block-separator has-alpha-channel-opacity is-style-wide\"\/>\n\n\n\n<div style=\"height:42px\" aria-hidden=\"true\" class=\"wp-block-spacer\"><\/div>\n\n\n\n<div class=\"wp-block-buttons alignfull is-horizontal is-content-justification-center is-layout-flex wp-container-core-buttons-is-layout-499968f5 wp-block-buttons-is-layout-flex\">\n<div class=\"wp-block-button has-custom-width wp-block-button__width-100\"><a class=\"wp-block-button__link has-luminous-vivid-amber-color has-text-color has-background no-border-radius wp-element-button\" href=\"https:\/\/gabarre-armengol.com\/cursos\/index.php\/programa-de-especializacion-en-facecode\/\" style=\"background-color:#000000\"><strong>VER PROGRAMA<\/strong><\/a><\/div>\n<\/div>\n<\/div>\n\n\n\n<div class=\"wp-block-column is-vertically-aligned-center has-text-color has-background has-link-color wp-elements-e4694f5419fc58d02545b5bbcc0a44b9 is-layout-flow wp-block-column-is-layout-flow\" style=\"color:#000000;background-color:#fafafa;padding-top:2em;padding-right:2em;padding-bottom:2em;padding-left:2em;flex-basis:1050px\">\n<h2 class=\"wp-block-heading has-medium-font-size\" id=\"family\"><strong>PROGRAMAS DE FORMACI\u00d3N CONTINUA EN FACECODE<\/strong><\/h2>\n\n\n\n<p class=\"has-normal-font-size\" style=\"line-height:1.5\">FORMACI\u00d3N AVANZADA &#8211; ONLINE<\/p>\n\n\n\n<p class=\"has-small-font-size\">*Formaci\u00f3n bonificable a trav\u00e9s de FUNDAE<\/p>\n\n\n<div class=\"wp-block-image\">\n<figure class=\"aligncenter size-full\"><img loading=\"lazy\" decoding=\"async\" width=\"1024\" height=\"1536\" src=\"https:\/\/gabarre-armengol.com\/cursos\/wp-content\/uploads\/2026\/01\/FORMACION-CONTINUA-WEB-MARCA-AGUA.jpg\" alt=\"\" class=\"wp-image-784\" srcset=\"https:\/\/gabarre-armengol.com\/cursos\/wp-content\/uploads\/2026\/01\/FORMACION-CONTINUA-WEB-MARCA-AGUA.jpg 1024w, https:\/\/gabarre-armengol.com\/cursos\/wp-content\/uploads\/2026\/01\/FORMACION-CONTINUA-WEB-MARCA-AGUA-200x300.jpg 200w, https:\/\/gabarre-armengol.com\/cursos\/wp-content\/uploads\/2026\/01\/FORMACION-CONTINUA-WEB-MARCA-AGUA-683x1024.jpg 683w, https:\/\/gabarre-armengol.com\/cursos\/wp-content\/uploads\/2026\/01\/FORMACION-CONTINUA-WEB-MARCA-AGUA-768x1152.jpg 768w\" sizes=\"auto, (max-width: 1024px) 100vw, 1024px\" \/><\/figure>\n<\/div>\n\n\n<div style=\"height:42px\" aria-hidden=\"true\" class=\"wp-block-spacer\"><\/div>\n\n\n\n<hr class=\"wp-block-separator has-alpha-channel-opacity is-style-wide\"\/>\n\n\n\n<div style=\"height:42px\" aria-hidden=\"true\" class=\"wp-block-spacer\"><\/div>\n\n\n\n<div class=\"wp-block-buttons alignfull is-horizontal is-content-justification-center is-layout-flex wp-container-core-buttons-is-layout-499968f5 wp-block-buttons-is-layout-flex\">\n<div class=\"wp-block-button has-custom-width wp-block-button__width-100\"><a class=\"wp-block-button__link has-luminous-vivid-amber-color has-text-color has-background no-border-radius wp-element-button\" style=\"background-color:#000000\"><strong>PR\u00d3XIMAMENTE<\/strong><\/a><\/div>\n<\/div>\n<\/div>\n<\/div>\n<\/div><\/div>\n\n\n\n<p><\/p>\n","protected":false},"excerpt":{"rendered":"<p>El prop\u00f3sito de mis cursos es proporcionar a los estudiantes una educaci\u00f3n integral en FaceCode, que les permita desarrollar sus habilidades y conocimientos en diferentes \u00e1reas, as\u00ed como fomentar su crecimiento personal y social. Mi labor docente tiene como misi\u00f3n preparar a mi alumnado para enfrentar los desaf\u00edos del mundo actual y futuro, y formar ciudadanos responsables y comprometidos con la sociedad.&nbsp; Pretendo procurar un espacio seguro y acogedor en el aula donde el estudiante pueda aprender, explorar y desarrollarse a su m\u00e1ximo potencial.&nbsp; Deseo que mis formaciones contribuyan a tu progreso y desarrollo profesional y personal. PROGRAMA DE ESPECIALIZACI\u00d3N EN FACECODE FORMACI\u00d3N ONLINE *Formaci\u00f3n bonificable a trav\u00e9s de FUNDAE PROGRAMAS DE FORMACI\u00d3N CONTINUA EN FACECODE FORMACI\u00d3N AVANZADA &#8211; ONLINE *Formaci\u00f3n bonificable a trav\u00e9s de FUNDAE<\/p>\n","protected":false},"author":1,"featured_media":0,"parent":0,"menu_order":0,"comment_status":"closed","ping_status":"closed","template":"","meta":{"footnotes":""},"class_list":["post-35","page","type-page","status-publish","hentry"],"yoast_head":"<!-- This site is optimized with the Yoast SEO plugin v27.4 - https:\/\/yoast.com\/product\/yoast-seo-wordpress\/ -->\n<title>CURSOS Y SEMINARIOS -<\/title>\n<meta name=\"robots\" content=\"index, follow, max-snippet:-1, max-image-preview:large, max-video-preview:-1\" \/>\n<link rel=\"canonical\" href=\"https:\/\/gabarre-armengol.com\/cursos\/index.php\/35-2\/\" \/>\n<meta property=\"og:locale\" content=\"es_ES\" \/>\n<meta property=\"og:type\" content=\"article\" \/>\n<meta property=\"og:title\" content=\"CURSOS Y SEMINARIOS -\" \/>\n<meta property=\"og:description\" content=\"El prop\u00f3sito de mis cursos es proporcionar a los estudiantes una educaci\u00f3n integral en FaceCode, que les permita desarrollar sus habilidades y conocimientos en diferentes \u00e1reas, as\u00ed como fomentar su crecimiento personal y social. Mi labor docente tiene como misi\u00f3n preparar a mi alumnado para enfrentar los desaf\u00edos del mundo actual y futuro, y formar ciudadanos responsables y comprometidos con la sociedad.&nbsp; Pretendo procurar un espacio seguro y acogedor en el aula donde el estudiante pueda aprender, explorar y desarrollarse a su m\u00e1ximo potencial.&nbsp; Deseo que mis formaciones contribuyan a tu progreso y desarrollo profesional y personal. PROGRAMA DE ESPECIALIZACI\u00d3N EN FACECODE FORMACI\u00d3N ONLINE *Formaci\u00f3n bonificable a trav\u00e9s de FUNDAE PROGRAMAS DE FORMACI\u00d3N CONTINUA EN FACECODE FORMACI\u00d3N AVANZADA &#8211; ONLINE *Formaci\u00f3n bonificable a trav\u00e9s de FUNDAE\" \/>\n<meta property=\"og:url\" content=\"https:\/\/gabarre-armengol.com\/cursos\/index.php\/35-2\/\" \/>\n<meta property=\"article:publisher\" content=\"https:\/\/www.facebook.com\/profile.php?id=100046313955970\" \/>\n<meta property=\"article:modified_time\" content=\"2026-01-10T16:03:11+00:00\" \/>\n<meta property=\"og:image\" content=\"https:\/\/gabarre-armengol.com\/cursos\/wp-content\/uploads\/2026\/01\/FACECODE-METHOD-BRANDING-IMAGE-MARCA-AGUA.jpg\" \/>\n\t<meta property=\"og:image:width\" content=\"1024\" \/>\n\t<meta property=\"og:image:height\" content=\"1536\" \/>\n\t<meta property=\"og:image:type\" content=\"image\/jpeg\" \/>\n<meta name=\"twitter:card\" content=\"summary_large_image\" \/>\n<meta name=\"twitter:label1\" content=\"Tiempo de lectura\" \/>\n\t<meta name=\"twitter:data1\" content=\"1 minuto\" \/>\n<script type=\"application\/ld+json\" class=\"yoast-schema-graph\">{\"@context\":\"https:\\\/\\\/schema.org\",\"@graph\":[{\"@type\":\"WebPage\",\"@id\":\"https:\\\/\\\/gabarre-armengol.com\\\/cursos\\\/index.php\\\/35-2\\\/\",\"url\":\"https:\\\/\\\/gabarre-armengol.com\\\/cursos\\\/index.php\\\/35-2\\\/\",\"name\":\"CURSOS Y SEMINARIOS -\",\"isPartOf\":{\"@id\":\"https:\\\/\\\/gabarre-armengol.com\\\/cursos\\\/#website\"},\"primaryImageOfPage\":{\"@id\":\"https:\\\/\\\/gabarre-armengol.com\\\/cursos\\\/index.php\\\/35-2\\\/#primaryimage\"},\"image\":{\"@id\":\"https:\\\/\\\/gabarre-armengol.com\\\/cursos\\\/index.php\\\/35-2\\\/#primaryimage\"},\"thumbnailUrl\":\"https:\\\/\\\/gabarre-armengol.com\\\/cursos\\\/wp-content\\\/uploads\\\/2026\\\/01\\\/FACECODE-METHOD-BRANDING-IMAGE-MARCA-AGUA.jpg\",\"datePublished\":\"2023-02-06T23:28:43+00:00\",\"dateModified\":\"2026-01-10T16:03:11+00:00\",\"breadcrumb\":{\"@id\":\"https:\\\/\\\/gabarre-armengol.com\\\/cursos\\\/index.php\\\/35-2\\\/#breadcrumb\"},\"inLanguage\":\"es\",\"potentialAction\":[{\"@type\":\"ReadAction\",\"target\":[\"https:\\\/\\\/gabarre-armengol.com\\\/cursos\\\/index.php\\\/35-2\\\/\"]}]},{\"@type\":\"ImageObject\",\"inLanguage\":\"es\",\"@id\":\"https:\\\/\\\/gabarre-armengol.com\\\/cursos\\\/index.php\\\/35-2\\\/#primaryimage\",\"url\":\"https:\\\/\\\/gabarre-armengol.com\\\/cursos\\\/wp-content\\\/uploads\\\/2026\\\/01\\\/FACECODE-METHOD-BRANDING-IMAGE-MARCA-AGUA.jpg\",\"contentUrl\":\"https:\\\/\\\/gabarre-armengol.com\\\/cursos\\\/wp-content\\\/uploads\\\/2026\\\/01\\\/FACECODE-METHOD-BRANDING-IMAGE-MARCA-AGUA.jpg\",\"width\":1024,\"height\":1536},{\"@type\":\"BreadcrumbList\",\"@id\":\"https:\\\/\\\/gabarre-armengol.com\\\/cursos\\\/index.php\\\/35-2\\\/#breadcrumb\",\"itemListElement\":[{\"@type\":\"ListItem\",\"position\":1,\"name\":\"Portada\",\"item\":\"https:\\\/\\\/gabarre-armengol.com\\\/cursos\\\/\"},{\"@type\":\"ListItem\",\"position\":2,\"name\":\"CURSOS Y SEMINARIOS\"}]},{\"@type\":\"WebSite\",\"@id\":\"https:\\\/\\\/gabarre-armengol.com\\\/cursos\\\/#website\",\"url\":\"https:\\\/\\\/gabarre-armengol.com\\\/cursos\\\/\",\"name\":\"gabarre-armengol\",\"description\":\"\",\"publisher\":{\"@id\":\"https:\\\/\\\/gabarre-armengol.com\\\/cursos\\\/#\\\/schema\\\/person\\\/1afd0255d6e94d4d643842fbbe4c4365\"},\"potentialAction\":[{\"@type\":\"SearchAction\",\"target\":{\"@type\":\"EntryPoint\",\"urlTemplate\":\"https:\\\/\\\/gabarre-armengol.com\\\/cursos\\\/?s={search_term_string}\"},\"query-input\":{\"@type\":\"PropertyValueSpecification\",\"valueRequired\":true,\"valueName\":\"search_term_string\"}}],\"inLanguage\":\"es\"},{\"@type\":[\"Person\",\"Organization\"],\"@id\":\"https:\\\/\\\/gabarre-armengol.com\\\/cursos\\\/#\\\/schema\\\/person\\\/1afd0255d6e94d4d643842fbbe4c4365\",\"name\":\"admin\",\"image\":{\"@type\":\"ImageObject\",\"inLanguage\":\"es\",\"@id\":\"https:\\\/\\\/gabarre-armengol.com\\\/cursos\\\/wp-content\\\/uploads\\\/2023\\\/02\\\/cropped-logotipomenu.png\",\"url\":\"https:\\\/\\\/gabarre-armengol.com\\\/cursos\\\/wp-content\\\/uploads\\\/2023\\\/02\\\/cropped-logotipomenu.png\",\"contentUrl\":\"https:\\\/\\\/gabarre-armengol.com\\\/cursos\\\/wp-content\\\/uploads\\\/2023\\\/02\\\/cropped-logotipomenu.png\",\"width\":500,\"height\":200,\"caption\":\"admin\"},\"logo\":{\"@id\":\"https:\\\/\\\/gabarre-armengol.com\\\/cursos\\\/wp-content\\\/uploads\\\/2023\\\/02\\\/cropped-logotipomenu.png\"},\"sameAs\":[\"https:\\\/\\\/gabarre-armengol.com\\\/cursos\",\"https:\\\/\\\/www.facebook.com\\\/profile.php?id=100046313955970\",\"https:\\\/\\\/www.instagram.com\\\/gabarre_armengol\\\/\",\"https:\\\/\\\/www.linkedin.com\\\/in\\\/cristina-gabarre-armengol-35436970\\\/\",\"https:\\\/\\\/www.youtube.com\\\/channel\\\/UCxkqMfYiLgXRWGoYDKoaDQA\"]}]}<\/script>\n<!-- \/ Yoast SEO plugin. -->","yoast_head_json":{"title":"CURSOS Y SEMINARIOS -","robots":{"index":"index","follow":"follow","max-snippet":"max-snippet:-1","max-image-preview":"max-image-preview:large","max-video-preview":"max-video-preview:-1"},"canonical":"https:\/\/gabarre-armengol.com\/cursos\/index.php\/35-2\/","og_locale":"es_ES","og_type":"article","og_title":"CURSOS Y SEMINARIOS -","og_description":"El prop\u00f3sito de mis cursos es proporcionar a los estudiantes una educaci\u00f3n integral en FaceCode, que les permita desarrollar sus habilidades y conocimientos en diferentes \u00e1reas, as\u00ed como fomentar su crecimiento personal y social. Mi labor docente tiene como misi\u00f3n preparar a mi alumnado para enfrentar los desaf\u00edos del mundo actual y futuro, y formar ciudadanos responsables y comprometidos con la sociedad.&nbsp; Pretendo procurar un espacio seguro y acogedor en el aula donde el estudiante pueda aprender, explorar y desarrollarse a su m\u00e1ximo potencial.&nbsp; Deseo que mis formaciones contribuyan a tu progreso y desarrollo profesional y personal. PROGRAMA DE ESPECIALIZACI\u00d3N EN FACECODE FORMACI\u00d3N ONLINE *Formaci\u00f3n bonificable a trav\u00e9s de FUNDAE PROGRAMAS DE FORMACI\u00d3N CONTINUA EN FACECODE FORMACI\u00d3N AVANZADA &#8211; ONLINE *Formaci\u00f3n bonificable a trav\u00e9s de FUNDAE","og_url":"https:\/\/gabarre-armengol.com\/cursos\/index.php\/35-2\/","article_publisher":"https:\/\/www.facebook.com\/profile.php?id=100046313955970","article_modified_time":"2026-01-10T16:03:11+00:00","og_image":[{"width":1024,"height":1536,"url":"https:\/\/gabarre-armengol.com\/cursos\/wp-content\/uploads\/2026\/01\/FACECODE-METHOD-BRANDING-IMAGE-MARCA-AGUA.jpg","type":"image\/jpeg"}],"twitter_card":"summary_large_image","twitter_misc":{"Tiempo de lectura":"1 minuto"},"schema":{"@context":"https:\/\/schema.org","@graph":[{"@type":"WebPage","@id":"https:\/\/gabarre-armengol.com\/cursos\/index.php\/35-2\/","url":"https:\/\/gabarre-armengol.com\/cursos\/index.php\/35-2\/","name":"CURSOS Y SEMINARIOS -","isPartOf":{"@id":"https:\/\/gabarre-armengol.com\/cursos\/#website"},"primaryImageOfPage":{"@id":"https:\/\/gabarre-armengol.com\/cursos\/index.php\/35-2\/#primaryimage"},"image":{"@id":"https:\/\/gabarre-armengol.com\/cursos\/index.php\/35-2\/#primaryimage"},"thumbnailUrl":"https:\/\/gabarre-armengol.com\/cursos\/wp-content\/uploads\/2026\/01\/FACECODE-METHOD-BRANDING-IMAGE-MARCA-AGUA.jpg","datePublished":"2023-02-06T23:28:43+00:00","dateModified":"2026-01-10T16:03:11+00:00","breadcrumb":{"@id":"https:\/\/gabarre-armengol.com\/cursos\/index.php\/35-2\/#breadcrumb"},"inLanguage":"es","potentialAction":[{"@type":"ReadAction","target":["https:\/\/gabarre-armengol.com\/cursos\/index.php\/35-2\/"]}]},{"@type":"ImageObject","inLanguage":"es","@id":"https:\/\/gabarre-armengol.com\/cursos\/index.php\/35-2\/#primaryimage","url":"https:\/\/gabarre-armengol.com\/cursos\/wp-content\/uploads\/2026\/01\/FACECODE-METHOD-BRANDING-IMAGE-MARCA-AGUA.jpg","contentUrl":"https:\/\/gabarre-armengol.com\/cursos\/wp-content\/uploads\/2026\/01\/FACECODE-METHOD-BRANDING-IMAGE-MARCA-AGUA.jpg","width":1024,"height":1536},{"@type":"BreadcrumbList","@id":"https:\/\/gabarre-armengol.com\/cursos\/index.php\/35-2\/#breadcrumb","itemListElement":[{"@type":"ListItem","position":1,"name":"Portada","item":"https:\/\/gabarre-armengol.com\/cursos\/"},{"@type":"ListItem","position":2,"name":"CURSOS Y SEMINARIOS"}]},{"@type":"WebSite","@id":"https:\/\/gabarre-armengol.com\/cursos\/#website","url":"https:\/\/gabarre-armengol.com\/cursos\/","name":"gabarre-armengol","description":"","publisher":{"@id":"https:\/\/gabarre-armengol.com\/cursos\/#\/schema\/person\/1afd0255d6e94d4d643842fbbe4c4365"},"potentialAction":[{"@type":"SearchAction","target":{"@type":"EntryPoint","urlTemplate":"https:\/\/gabarre-armengol.com\/cursos\/?s={search_term_string}"},"query-input":{"@type":"PropertyValueSpecification","valueRequired":true,"valueName":"search_term_string"}}],"inLanguage":"es"},{"@type":["Person","Organization"],"@id":"https:\/\/gabarre-armengol.com\/cursos\/#\/schema\/person\/1afd0255d6e94d4d643842fbbe4c4365","name":"admin","image":{"@type":"ImageObject","inLanguage":"es","@id":"https:\/\/gabarre-armengol.com\/cursos\/wp-content\/uploads\/2023\/02\/cropped-logotipomenu.png","url":"https:\/\/gabarre-armengol.com\/cursos\/wp-content\/uploads\/2023\/02\/cropped-logotipomenu.png","contentUrl":"https:\/\/gabarre-armengol.com\/cursos\/wp-content\/uploads\/2023\/02\/cropped-logotipomenu.png","width":500,"height":200,"caption":"admin"},"logo":{"@id":"https:\/\/gabarre-armengol.com\/cursos\/wp-content\/uploads\/2023\/02\/cropped-logotipomenu.png"},"sameAs":["https:\/\/gabarre-armengol.com\/cursos","https:\/\/www.facebook.com\/profile.php?id=100046313955970","https:\/\/www.instagram.com\/gabarre_armengol\/","https:\/\/www.linkedin.com\/in\/cristina-gabarre-armengol-35436970\/","https:\/\/www.youtube.com\/channel\/UCxkqMfYiLgXRWGoYDKoaDQA"]}]}},"_links":{"self":[{"href":"https:\/\/gabarre-armengol.com\/cursos\/index.php\/wp-json\/wp\/v2\/pages\/35","targetHints":{"allow":["GET"]}}],"collection":[{"href":"https:\/\/gabarre-armengol.com\/cursos\/index.php\/wp-json\/wp\/v2\/pages"}],"about":[{"href":"https:\/\/gabarre-armengol.com\/cursos\/index.php\/wp-json\/wp\/v2\/types\/page"}],"author":[{"embeddable":true,"href":"https:\/\/gabarre-armengol.com\/cursos\/index.php\/wp-json\/wp\/v2\/users\/1"}],"replies":[{"embeddable":true,"href":"https:\/\/gabarre-armengol.com\/cursos\/index.php\/wp-json\/wp\/v2\/comments?post=35"}],"version-history":[{"count":72,"href":"https:\/\/gabarre-armengol.com\/cursos\/index.php\/wp-json\/wp\/v2\/pages\/35\/revisions"}],"predecessor-version":[{"id":785,"href":"https:\/\/gabarre-armengol.com\/cursos\/index.php\/wp-json\/wp\/v2\/pages\/35\/revisions\/785"}],"wp:attachment":[{"href":"https:\/\/gabarre-armengol.com\/cursos\/index.php\/wp-json\/wp\/v2\/media?parent=35"}],"curies":[{"name":"wp","href":"https:\/\/api.w.org\/{rel}","templated":true}]}}